{"id":1422,"date":"2018-10-16T13:47:26","date_gmt":"2018-10-16T11:47:26","guid":{"rendered":"https:\/\/www.granulart.es\/?page_id=1422"},"modified":"2018-11-04T17:20:49","modified_gmt":"2018-11-04T16:20:49","slug":"terms-and-conditions","status":"publish","type":"page","link":"https:\/\/www.granulart.es\/es\/terms-and-conditions\/","title":{"rendered":"Terms and conditions"},"content":{"rendered":"<div style=\"text-align: center;\"><strong>TERMS AND CONDITIONS <\/strong><\/div>\n<div style=\"text-align: center;\"><span style=\"font-size: 8pt;\"><em>Desplazarse hacia abajo para espa\u00f1ol<\/em><\/span><\/div>\n<p><span style=\"font-size: 10pt;\">1.By accessing the Website, you agree to be bound by the terms and conditions appearing in this document and you accept our Privacy Policy.<\/span><\/p>\n<p><span style=\"font-size: 10pt;\">2. We may alter these Conditions at any time and your use of the whole\/any part of the Website following such change shall be deemed to be your acceptance of such change. It is your responsibility to check regularly to determine whether the Conditions have been changed. If you do not agree to any change to the Conditions then you must immediately stop using the Website.<\/span><\/p>\n<p><span style=\"font-size: 10pt;\">3. These Conditions will be exclusively governed by and construed in accordance with the laws of Spain whose Courts will have exclusive jurisdiction in any dispute, save that we have the right, at our sole discretion, to commence and pursue proceedings in alternative jurisdictions.<\/span><\/p>\n<p><span style=\"font-size: 10pt;\">4. When placing an order for any Products from the Website, you will state, specifically, which Products you desire to purchase and shall also at the same time confirm to us, at your own risk, your home address, telephone number (including STD code), delivery requirements and selected payment method together with such other details that may be requested at that time from you by us.<\/span><\/p>\n<p><span style=\"font-size: 10pt;\">5. Your contract for purchases of physical items through the Website is with Granulart Store whose registered office address is Granulart Store, Torrevieja, n\u00ba14, 33510 Pola de Siero, Asturias, Spain, and you undertake that any and all products ordered by you are for your own private and domestic use only. You further agree that email can be used as a long-distance means of communication.<\/span><\/p>\n<p><span style=\"font-size: 10pt;\">6. Granulart Store will send you an order confirmation via the electronic means on the website. Sales are not final until Granulart Store confirms your order.<\/span><\/p>\n<p><span style=\"font-size: 10pt;\">7. You undertake that all details you provide to us for the purposes of ordering or purchasing products or services are correct, that the credit or debit card you are using is your own and that there are sufficient funds to cover the cost of the products or services ordered. If there are any changes to the details supplied by you it is your responsibility to inform us as soon as possible.<\/span><\/p>\n<p><span style=\"font-size: 10pt;\">8. Deliveries will be made within a maximum of 10 working days. If an item is out of stock when you place your order, we will inform you of such and confirm the date the item will be back in stock or we will offer you an equivalent product as an alternative.<\/span><\/p>\n<p><span style=\"font-size: 10pt;\">9. Photos of the products are provided for informational purposes only. Any differences between the photos and the products will be minimal and will not affect the essential characteristics of the products.&nbsp;The colour of the products shown in the online store may differ from the actual colour of the product due to the settings of your monitor.<\/span><\/p>\n<p><span style=\"font-size: 10pt;\">10. You may cancel your order at any time prior to your order being dispatched by emailing us at shop@granulart.es ensuring that you quote your name, address and order reference number.<\/span><\/p>\n<p><span style=\"font-size: 10pt;\">11. Our returns policy: Without prejudice to your statutory legal rights which remain unaffected, we operate the following returns and refunds policies:<\/span><\/p>\n<p><span style=\"font-size: 10pt;\">&nbsp;&nbsp;&nbsp;&nbsp; 11.1 Damaged or defective goods: in the unlikely event that you receive products which are damaged or defective or become defective within 7 days of receipt, we shall, at our own option, either replace or refund any damaged or defective products (including the postage and packing you were charged) provided that you notify us of the problem in writing at the address stated in the confirmation email within 2 working days of delivery of the products and that, in the case of physical products, you return the products in the same condition that you received them<\/span><\/p>\n<p><span style=\"font-size: 10pt;\">&nbsp;&nbsp;&nbsp;&nbsp; 11.2 Our mistake: If items are not delivered due to a mistake on our part you will be completely refunded, or sent the package again without extra charge; whichever you prefer. Please note that when you place your order, a label is automatically generated from the address you type into your account details, so you are responsible for getting this right. If you get your address wrong and do not notify us before the order is sent, we cannot refund the postage costs. If we accidentally send you items that you did not order, we will refund you for them and also for the cost of the outgoing postage and packing on those individual items, once you send them back to us.<\/span><\/p>\n<p><span style=\"font-size: 10pt;\">&nbsp;&nbsp;&nbsp; 11.3 Your mistake: If items are ordered in error (or you change your mind about wanting an item), are not delivered because you gave us incorrect information, or because your post office was unable to deliver the package because there was no-one to receive it and\/or no-one came to collect it from the sorting office, you will be refunded for the cost of the items, but not for the postage and packing. We can re-send the items but you will have to pay the postage and packing charge again.<\/span><\/p>\n<div>&nbsp;<\/div>\n<div style=\"text-align: center;\"><strong>TERMINOS Y CONDICIONES<\/strong><\/div>\n<div>\n<p><span style=\"font-size: 10pt;\">1. Al acceder al Sitio Web significa que acepta las condiciones de uso que aparecen en este documento y que acepta nuestra Pol\u00edtica de privacidad.<\/span><\/p>\n<p><span style=\"font-size: 10pt;\">2. Nos reservamos el derecho de modificar estas Condiciones en cualquier momento, y el uso que haga de todo\/cualquier parte del Sitio Web despu\u00e9s de tal cambio ser\u00e1 considerado como prueba de que acepta ese cambio. Es responsabilidad suya comprobar regularmente si las Condiciones han cambiado. Si no est\u00e1 de acuerdo con cualquier cambio en las Condiciones debe dejar de utilizar el Sitio Web inmediatamente.<\/span><\/p>\n<p><span style=\"font-size: 10pt;\">3. Estas Condiciones ser\u00e1n exclusivamente regidas e interpretadas seg\u00fan las leyes de Espa\u00f1a, cuyos tribunales tendr\u00e1n la jurisdicci\u00f3n exclusiva en cualquier disputa, salvo que nosotros tengamos el derecho, a nuestra entera discreci\u00f3n, de iniciar y continuar procedimientos en jurisdicciones alternativas.<\/span><\/p>\n<p><span style=\"font-size: 10pt;\">4. Cuando haga un pedido para comprar cualquier Producto del Sitio Web, usted debe especificar qu\u00e9 Productos desea comprar, y al mismo tiempo tambi\u00e9n debe confirmarnos, bajo su propio riesgo, su direcci\u00f3n postal, n\u00famero de tel\u00e9fono (incluyendo el c\u00f3digo de \u00e1rea), requisitos de entrega y m\u00e9todo de pago seleccionado, junto a otros datos que podamos pedirle en ese momento.<\/span><\/p>\n<p><span style=\"font-size: 10pt;\">5. Su contrato para compras de art\u00edculos f\u00edsicos a trav\u00e9s del Sitio Web es con Granulart Store, cuya oficina registrada es \u201cGranulart Store, Torrevieja, n\u00ba14, 33510 Pola de Siero, Asturias, Espa\u00f1a\u201d y usted se compromete a que todos y cada uno de los productos que pida sean para su propio uso dom\u00e9stico solamente. Adicionalmente tambi\u00e9n acepta que podamos utilizar el e-mail como medio de comunicaci\u00f3n a larga distancia.<\/span><\/p>\n<p><span style=\"font-size: 10pt;\">5. No existir\u00e1 ning\u00fan contrato de compra de ning\u00fan producto entre usted y nosotros a no ser que aceptemos su pedido mediante un e-mail , confirm\u00e1ndole que hemos aceptado su pedido. Esa aceptaci\u00f3n se considerar\u00e1 completa y para todo prop\u00f3sito se considerar\u00e1 que le ha sido comunicada eficazmente en el momento en que le enviemos el e-mail. Este e-mail de confirmaci\u00f3n representa nuestra aceptaci\u00f3n de su oferta para comprar nuestros productos.<\/span><\/p>\n<p><span style=\"font-size: 10pt;\">7. Usted se compromete a que todos los datos que nos proporciona con el fin de pedir o comprar productos o servicios son correctos, que la tarjeta de cr\u00e9dito o d\u00e9bito que utiliza es suya y que hay suficientes fondos para cubrir los gastos del producto o del servicio encargado. Si hay alg\u00fan cambio en los datos que nos proporcion\u00f3 es responsabilidad suya informarnos tan pronto como sea posible.<\/span><\/p>\n<p><span style=\"font-size: 10pt;\">8. Las entregas se efectuar\u00e1n en un plazo m\u00e1ximo de 10 d\u00edas laborables&nbsp;. Si un art\u00edculo no est\u00e1 en stock en el momento de realizar el pedido, se lo haremos saber y le confirmaremos la fecha en que volver\u00e1 a estar disponible o le propondremos un producto sustitutivo equivalente.<\/span><\/p>\n<p><span style=\"font-size: 10pt;\">9. Las fotograf\u00edas que muestran los productos se facilitan a t\u00edtulo indicativo. Las diferencias entre las fotograf\u00edas y los productos s\u00f3lo pueden ser m\u00ednimas y no afectan a las caracter\u00edsticas esenciales de los productos.&nbsp;El color de los productos mostrados en la tienda virtual puede diferir del color real del producto debido a la configuraci\u00f3n del monitor.<\/span><\/p>\n<p><span style=\"font-size: 10pt;\">10. Usted puede cancelar su pedido en cualquier momento antes de que su pedido sea despachado envi\u00e1ndonos un e-mail a shop@granulart.es asegur\u00e1ndose que especifica su nombre, direcci\u00f3n y n\u00famero de referencia del pedido.<\/span><\/p>\n<p><span style=\"font-size: 10pt;\">11. Nuestra pol\u00edtica de devoluciones de catorce (14) d\u00edas: sin que esto perjudique ni afecte a sus derechos legales, ofrecemos la siguiente pol\u00edtica de devoluciones y reembolso:<\/span><\/p>\n<p><span style=\"font-size: 10pt;\">&nbsp;&nbsp;&nbsp;&nbsp; 11.1 Bienes da\u00f1ados o defectuosos: en el improbable caso de que usted reciba productos que est\u00e9n da\u00f1ados o defectuosos, podemos, a nuestra elecci\u00f3n, cambiar o reparar cualquier producto da\u00f1ado o defectuoso, o reembolsarle la cantidad que pag\u00f3 por los productos en cuesti\u00f3n (incluyendo los gastos de env\u00edo y de embalaje que le cobramos) a condici\u00f3n de que nos notifique el problema escribiendo a la direcci\u00f3n indicada en el e-mail de confirmaci\u00f3n en el plazo de 2 d\u00edas laborables desde la entrega de los productos, y de que devuelva los productos en el mismo estado en que los recibi\u00f3;<\/span><\/p>\n<p><span style=\"font-size: 10pt;\">&nbsp;&nbsp;&nbsp;&nbsp; 11.2 Nuestro error: Si los art\u00edculos no se entregan a causa de un error nuestro, se le har\u00e1 un reembolso total, o se le enviar\u00e1 el paquete de nuevo sin ning\u00fan gasto extra; lo que usted prefiera. Por favor, tenga en cuenta que cuando hace su pedido, se genera una etiqueta autom\u00e1ticamente desde la direcci\u00f3n que usted escribi\u00f3 en los datos de su cuenta, por lo tanto usted es el responsable de que esta sea correcta. Si usted escribi\u00f3 mal la direcci\u00f3n y no nos lo notifica antes de que el pedido se env\u00ede, no podemos reembolsarle los gastos de env\u00edo. Si accidentalmente le enviamos art\u00edculos que usted no pidi\u00f3, le haremos un reembolso, en cuanto nos los haya enviado, por los art\u00edculos y tambi\u00e9n por los gastos de env\u00edo y de embalaje de esos art\u00edculos en particular, una vez nos los env\u00ede de vuelta;<\/span><\/p>\n<p><span style=\"font-size: 10pt;\">&nbsp;&nbsp;&nbsp;&nbsp; 11.3 Su error: si los art\u00edculos no se entregaron porque la informaci\u00f3n que nos proporcion\u00f3 era incorrecta, o porque su oficina de correos no pudo entregar el paquete porque no hab\u00eda nadie para recibirlo y\/o nadie fue a recogerlo de la oficina de correos, se le har\u00e1 un reembolso por el coste de los art\u00edculos, pero no por los gastos de env\u00edo y embalaje. Podemos volver a enviar los art\u00edculos, pero usted tendr\u00e1 que pagar los gastos de env\u00edo y embalaje otra vez.<\/span><\/p>\n<p>&nbsp;<\/p>\n<\/div>\n<div id=\"s3gt_translate_tooltip_mini\" class=\"s3gt_translate_tooltip_mini_box\" style=\"background: initial !important; border: initial !important; border-radius: initial !important; border-spacing: initial !important; border-collapse: initial !important; direction: ltr !important; flex-direction: initial !important; font-weight: initial !important; height: initial !important; letter-spacing: initial !important; min-width: initial !important; max-width: initial !important; min-height: initial !important; max-height: initial !important; margin: auto !important; outline: initial !important; padding: initial !important; position: absolute; table-layout: initial !important; text-align: initial !important; text-shadow: initial !important; width: initial !important; word-break: initial !important; word-spacing: initial !important; overflow-wrap: initial !important; box-sizing: initial !important; display: initial !important; color: inherit !important; font-size: 13px !important; font-family: X-LocaleSpecific, sans-serif, Tahoma, Helvetica !important; line-height: 13px !important; vertical-align: top !important; white-space: inherit !important; left: 10px; top: 2676px; opacity: 0.1;\">\n<div id=\"s3gt_translate_tooltip_mini_logo\" class=\"s3gt_translate_tooltip_mini\" title=\"Traducir texto seleccionado\">&nbsp;<\/div>\n<div id=\"s3gt_translate_tooltip_mini_sound\" class=\"s3gt_translate_tooltip_mini\" title=\"Escuchar\">&nbsp;<\/div>\n<div id=\"s3gt_translate_tooltip_mini_copy\" class=\"s3gt_translate_tooltip_mini\" title=\"Copiar texto al Portapapeles\">&nbsp;<\/div>\n<\/div>","protected":false},"excerpt":{"rendered":"<p>TERMS AND CONDITIONS Desplazarse hacia abajo para espa\u00f1ol 1.By accessing the Website, you agree to be bound by the terms and conditions appearing in this document and you accept our Privacy Policy. 2. We may alter these Conditions at any time and your use of the whole\/any part of the Website following such change shall [&hellip;]<\/p>","protected":false},"author":1,"featured_media":0,"parent":0,"menu_order":0,"comment_status":"closed","ping_status":"closed","template":"","meta":{"_genesis_hide_title":false,"_genesis_hide_breadcrumbs":false,"_genesis_hide_singular_image":false,"_genesis_custom_body_class":"","_genesis_custom_post_class":"","_genesis_layout":"","footnotes":""},"class_list":{"0":"post-1422","1":"page","2":"type-page","3":"status-publish","5":"entry"},"_links":{"self":[{"href":"https:\/\/www.granulart.es\/es\/wp-json\/wp\/v2\/pages\/1422","targetHints":{"allow":["GET"]}}],"collection":[{"href":"https:\/\/www.granulart.es\/es\/wp-json\/wp\/v2\/pages"}],"about":[{"href":"https:\/\/www.granulart.es\/es\/wp-json\/wp\/v2\/types\/page"}],"author":[{"embeddable":true,"href":"https:\/\/www.granulart.es\/es\/wp-json\/wp\/v2\/users\/1"}],"replies":[{"embeddable":true,"href":"https:\/\/www.granulart.es\/es\/wp-json\/wp\/v2\/comments?post=1422"}],"version-history":[{"count":22,"href":"https:\/\/www.granulart.es\/es\/wp-json\/wp\/v2\/pages\/1422\/revisions"}],"predecessor-version":[{"id":1911,"href":"https:\/\/www.granulart.es\/es\/wp-json\/wp\/v2\/pages\/1422\/revisions\/1911"}],"wp:attachment":[{"href":"https:\/\/www.granulart.es\/es\/wp-json\/wp\/v2\/media?parent=1422"}],"curies":[{"name":"wp","href":"https:\/\/api.w.org\/{rel}","templated":true}]}}