{"id":2449,"date":"2020-08-05T16:27:01","date_gmt":"2020-08-05T14:27:01","guid":{"rendered":"https:\/\/www.granulart.es\/?post_type=product&#038;p=2449"},"modified":"2025-10-31T12:21:02","modified_gmt":"2025-10-31T11:21:02","slug":"cliche-morph-parallel-substance","status":"publish","type":"product","link":"https:\/\/www.granulart.es\/es\/producto\/cliche-morph-parallel-substance\/","title":{"rendered":"Cliche Morph &#8211; Parallel substance [GR009]"},"content":{"rendered":"<p>Granulart Recordings is particularly happy to welcome Cliche Morph again to the label, for the release of a full new EP after his appearance on GR008. Release includes two huge remixes from Falling Ethics headman, P.E.A.R.L.<\/p>\n<p>Feedback from Oscar Mulero, Jonas Kopp, Pfirter, Christian W\u00fcnsch, Dimi Angelis, Arnaud Le Texier, Donor, Alexander Kowalski, Shl\u00f8mo, Gareth Wild, Stephanie Sykes, Sigha, Matrixxman, Ness, Am\u00ea, P\u00e4r Grindvik, Slam, Kwartz, Tommy Four Seven, Developer, Aiken, Etapp Kyle, Blawan, Dasha Rush, Kr!z, Marcel Dettmann, Vince Watson<\/p>","protected":false},"excerpt":{"rendered":"<p>Granulart Recordings 009<br \/>\nFormat: vinyl 12&#8243;<br \/>\nDescargas digitales despu\u00e9s de la compra incluidas<\/p>\n<p>[mp3j track=\"A1 - Parallel substance@https:\/\/www.juno.co.uk\/MP3\/SF640298-01-01-01.mp3\" fontsize=\"12px\"]<br \/>\n[mp3j track=\"A2 - Face reflection@https:\/\/www.juno.co.uk\/MP3\/SF640298-01-01-02.mp3\" fontsize=\"12px\"]<br \/>\n[mp3j track=\"B1 - Parallel substance (P.E.A.R.L. remix)@https:\/\/www.juno.co.uk\/MP3\/SF640298-01-02-01.mp3\" fontsize=\"12px\"]<br \/>\n[mp3j track=\"B2 - Parallel substance (P.E.A.R.L. inoculated remix)@https:\/\/www.juno.co.uk\/MP3\/SF640298-01-02-02.mp3\" fontsize=\"12px\"]<\/p>","protected":false},"featured_media":2450,"template":"","meta":{"_genesis_hide_title":false,"_genesis_hide_breadcrumbs":false,"_genesis_hide_singular_image":false,"_genesis_custom_body_class":"","_genesis_custom_post_class":"","_genesis_layout":""},"product_brand":[],"product_cat":[58],"product_tag":[],"class_list":{"0":"post-2449","1":"product","2":"type-product","3":"status-publish","4":"has-post-thumbnail","6":"product_cat-vinyl","7":"product_shipping_class-vinyl","8":"entry","10":"first","11":"instock","12":"downloadable","13":"taxable","14":"shipping-taxable","15":"purchasable","16":"product-type-simple"},"_links":{"self":[{"href":"https:\/\/www.granulart.es\/es\/wp-json\/wp\/v2\/product\/2449","targetHints":{"allow":["GET"]}}],"collection":[{"href":"https:\/\/www.granulart.es\/es\/wp-json\/wp\/v2\/product"}],"about":[{"href":"https:\/\/www.granulart.es\/es\/wp-json\/wp\/v2\/types\/product"}],"wp:featuredmedia":[{"embeddable":true,"href":"https:\/\/www.granulart.es\/es\/wp-json\/wp\/v2\/media\/2450"}],"wp:attachment":[{"href":"https:\/\/www.granulart.es\/es\/wp-json\/wp\/v2\/media?parent=2449"}],"wp:term":[{"taxonomy":"product_brand","embeddable":true,"href":"https:\/\/www.granulart.es\/es\/wp-json\/wp\/v2\/product_brand?post=2449"},{"taxonomy":"product_cat","embeddable":true,"href":"https:\/\/www.granulart.es\/es\/wp-json\/wp\/v2\/product_cat?post=2449"},{"taxonomy":"product_tag","embeddable":true,"href":"https:\/\/www.granulart.es\/es\/wp-json\/wp\/v2\/product_tag?post=2449"}],"curies":[{"name":"wp","href":"https:\/\/api.w.org\/{rel}","templated":true}]}}